{"id":8595,"date":"2022-05-19T23:18:01","date_gmt":"2022-05-19T21:18:01","guid":{"rendered":"https:\/\/www.tourismeshawinigan.com\/politique-de-confidentialite\/"},"modified":"2022-06-11T10:08:21","modified_gmt":"2022-06-11T14:08:21","slug":"privacy-policy","status":"publish","type":"page","link":"https:\/\/www.tourismeshawinigan.com\/en\/privacy-policy\/","title":{"rendered":"Privacy Policy"},"content":{"rendered":"<div class=\"acf-tshawi-en-tete-de-page alignwide blocTshawiEnTetePage flex flex-col w-full min-h-screen relative justify-end pt-7 px-7 overflow-hidden\">\n    <img loading=\"lazy\" decoding=\"async\" width=\"1500\" height=\"1000\" src=\"https:\/\/www.tourismeshawinigan.com\/app\/uploads\/2022\/05\/DJI_0066-SITE_WEB-e1652989968575.jpg\" class=\"absolute inset-7 object-cover h-full w-full enTeteBackground\" alt=\"\" \/>\n    <div class=\"bg-black\/40 text-white w-full z-5 uppercase relative\">\n\n        <svg style=\"height: 45px; width: 100%;\" viewBox=\"0 0 100 100\" preserveAspectRatio=\"none\" class=\"absolute top-0 transform -translate-y-full\">\n            <polygon points=\"0 0, 0 100, 100 100,0 0\" style=\"fill:rgba(0, 0, 0, 0.40);\" \/>\n        <\/svg>\n\n        <div class=\"container mx-auto pb-24 pt-5 px-10\">\n            <h1 class=\"text-5xl md:text-8xl pb-5 font-medium\"><\/h1>\n            <h2 class=\"text-2xl md:text-3xl\"><\/h2>\n\n            <a href=\"https:\/\/www.tourismeshawinigan.com\/en\/\" class=\"tsBtn red \/\/ bg-red transition text-white rounded-full inline-flex flex-row items-center text-base sm:text-lg md:text-xl xl:text-2xl font-bold normal-case mt-6\">\n                <span class=\"mr-5 md:mr-16\">Back to homepage<\/span>\n                <div class=\"iconArrowRightRed bg-white rounded-full inline-flex py-2 px-3 flex justify-center\">\n                    <svg width=\"15\" height=\"24\" viewBox=\"0 0 15 24\" fill=\"none\" xmlns=\"http:\/\/www.w3.org\/2000\/svg\">\n<path d=\"M1.53564 1.28572L12.2499 12L1.53564 22.7143\" stroke=\"#EF4151\" stroke-width=\"3\"\/>\n<\/svg>                <\/div>\n                <div class=\"iconArrowRightWhite hidden bg-red rounded-full inline-flex py-2 px-3 flex justify-center\">\n                    <svg width=\"15\" height=\"24\" viewBox=\"0 0 15 24\" fill=\"none\" xmlns=\"http:\/\/www.w3.org\/2000\/svg\">\n<path d=\"M1.53564 1.28572L12.2499 12L1.53564 22.7143\" stroke=\"#fff\" stroke-width=\"3\"\/>\n<\/svg>                <\/div>\n            <\/a>\n\n        <\/div>\n    <\/div>\n\n    <div class=\"bg-red text-white w-full z-40 relative\">\n\n        <svg style=\"height: 40px; width: 100%;\" viewBox=\"0 0 100 100\" preserveAspectRatio=\"none\" class=\"absolute top-0 transform -translate-y-full\">\n            <polygon points=\"0 100, 100 100, 100 0,100 0\" style=\"fill:rgba(239, 65, 81, 1);\" \/>\n        <\/svg>\n\n        <div class=\"container mx-auto py-11\">\n            <h1 class=\"text-3xl md:text-5xl px-10\">Privacy and Personal Information<\/h1>\n            <p class=\"text-lg mt-6 px-10\"><\/p>\n        <\/div>\n    <\/div>\n\n<\/div>\n\n<div class=\"acf-une-deux-trois-colonnes alignwide flex flex-col imageBackground-UnDeuxTroisColonnes bg-cover\" style=\"background-image: url()\">\n\n    <div class=\"layer py-20  bg-opacity-80\">\n\n        <div class=\"md:container mx-auto\">\n            \n                        <div class=\"colContainer flex flex-col md:flex-row  flex-wrap\">\n                                \n                    <div class=\"w-full  lg:w-1\/1 md:p-5 px-5 flex flex-col justify-between mb-16 lg:mb-0\">\n\n                        <div>\n                            \n                            <div class=\"content lg:px-0\">\n\n                                \n                                \n                                <div class=\"text text-left\">\n                                    <p style=\"text-align: center\">Tourisme Shawinigan maintains strict security, privacy and personal information standards. Nonetheless, users are asked to read this section carefully. By using this site, users acknowledge that they have read, understood and accepted the conditions and limitations of liability described in the following sections.\n<\/p>\n<p>&nbsp;<\/p>\n<p>&nbsp;<\/p>\n<p style=\"text-align: center\"><span style=\"color: #ef4151\"><strong>Cookies<\/strong><\/span><br \/>\nTourisme Shawinigan reserves the right to use cookies, including to facilitate the navigation of the user and to establish statistics. To refuse cookies, the user can change its browser\u2019s settings.<\/p>\n<p>&nbsp;<\/p>\n<p style=\"text-align: center\"><span style=\"color: #ef4151\"><strong>Laws governing the Protection of Personal Information<\/strong><\/span><br \/>\nwww.tourismeshawinigan.com is published in Qu\u00e9bec, Canada. Users&#8217; personal information is protected under Qu\u00e9bec and Canadian laws. For information on user rights, visit the Commission d&#8217;acc\u00e8s \u00e0 l&#8217;information du Qu\u00e9bec Web site (www.cai.gouv.qc.ca).<\/p>\n<p>&nbsp;<\/p>\n<p style=\"text-align: center\"><span style=\"color: #ef4151\"><strong>Personal Information Protection Policy<\/strong><\/span><br \/>\nPersonal information is information that relates to a natural person and allows that person to be identified. Unless required by law, Tourisme Shawinigan does not disclose any users&#8217; personal information obtained from tourismeshawinigan.com.<br \/>\nThe information collected, with user consent, and consigned to user files, serves to send printed or electronic documents to users, respond to their information requests, provide electronic newsletter and publication subscriptions to users, and compile mailing or survey lists. This information also serves to determine user habits and interests to better serve them in the future.<\/p>\n<p>&nbsp;<\/p>\n<p style=\"text-align: center\"><span style=\"color: #ef4151\"><strong>Verification, Comments or Complaints<\/strong><\/span><br \/>\nUsers may ask to see, correct or delete the personal information on www.tourismeshawinigan.com. Requests for verification and related comments or complaints should be sent to info@tourismeshawinigan.com along with information identifying the user.<\/p>\n\n                                <\/div>\n\n                            <\/div>\n                        <\/div>\n\n                        \n                    <\/div>\n                                            <\/div>\n\n            \n        <\/div>\n\n    <\/div>\n\n<\/div>","protected":false},"excerpt":{"rendered":"","protected":false},"author":2,"featured_media":0,"parent":0,"menu_order":0,"comment_status":"closed","ping_status":"closed","template":"","meta":{"_acf_changed":false,"footnotes":""},"class_list":["post-8595","page","type-page","status-publish","hentry"],"acf":[],"yoast_head":"<!-- This site is optimized with the Yoast SEO plugin v27.1.1 - https:\/\/yoast.com\/product\/yoast-seo-wordpress\/ -->\n<title>Privacy Policy - Shawinigan<\/title>\n<meta name=\"robots\" content=\"index, follow, max-snippet:-1, max-image-preview:large, max-video-preview:-1\" \/>\n<link rel=\"canonical\" href=\"https:\/\/www.tourismeshawinigan.com\/en\/privacy-policy\/\" \/>\n<meta property=\"og:locale\" content=\"en_US\" \/>\n<meta property=\"og:type\" content=\"article\" \/>\n<meta property=\"og:title\" content=\"Privacy Policy - Shawinigan\" \/>\n<meta property=\"og:url\" content=\"https:\/\/www.tourismeshawinigan.com\/en\/privacy-policy\/\" \/>\n<meta property=\"og:site_name\" content=\"Shawinigan\" \/>\n<meta property=\"article:modified_time\" content=\"2022-06-11T14:08:21+00:00\" \/>\n<meta name=\"twitter:card\" content=\"summary_large_image\" \/>\n<script type=\"application\/ld+json\" class=\"yoast-schema-graph\">{\"@context\":\"https:\/\/schema.org\",\"@graph\":[{\"@type\":\"WebPage\",\"@id\":\"https:\/\/www.tourismeshawinigan.com\/en\/privacy-policy\/\",\"url\":\"https:\/\/www.tourismeshawinigan.com\/en\/privacy-policy\/\",\"name\":\"Privacy Policy - Shawinigan\",\"isPartOf\":{\"@id\":\"https:\/\/www.tourismeshawinigan.com\/en\/#website\"},\"datePublished\":\"2022-05-19T21:18:01+00:00\",\"dateModified\":\"2022-06-11T14:08:21+00:00\",\"breadcrumb\":{\"@id\":\"https:\/\/www.tourismeshawinigan.com\/en\/privacy-policy\/#breadcrumb\"},\"inLanguage\":\"en-CA\",\"potentialAction\":[{\"@type\":\"ReadAction\",\"target\":[\"https:\/\/www.tourismeshawinigan.com\/en\/privacy-policy\/\"]}]},{\"@type\":\"BreadcrumbList\",\"@id\":\"https:\/\/www.tourismeshawinigan.com\/en\/privacy-policy\/#breadcrumb\",\"itemListElement\":[{\"@type\":\"ListItem\",\"position\":1,\"name\":\"Accueil\",\"item\":\"https:\/\/www.tourismeshawinigan.com\/en\/accueil\/\"},{\"@type\":\"ListItem\",\"position\":2,\"name\":\"Privacy Policy\"}]},{\"@type\":\"WebSite\",\"@id\":\"https:\/\/www.tourismeshawinigan.com\/en\/#website\",\"url\":\"https:\/\/www.tourismeshawinigan.com\/en\/\",\"name\":\"Shawinigan\",\"description\":\"Office de tourisme, foires et congr\u00e8s de Shawinigan\",\"publisher\":{\"@id\":\"https:\/\/www.tourismeshawinigan.com\/en\/#organization\"},\"potentialAction\":[{\"@type\":\"SearchAction\",\"target\":{\"@type\":\"EntryPoint\",\"urlTemplate\":\"https:\/\/www.tourismeshawinigan.com\/en\/?s={search_term_string}\"},\"query-input\":{\"@type\":\"PropertyValueSpecification\",\"valueRequired\":true,\"valueName\":\"search_term_string\"}}],\"inLanguage\":\"en-CA\"},{\"@type\":\"Organization\",\"@id\":\"https:\/\/www.tourismeshawinigan.com\/en\/#organization\",\"name\":\"Tourisme Shawinigan\",\"url\":\"https:\/\/www.tourismeshawinigan.com\/en\/\",\"logo\":{\"@type\":\"ImageObject\",\"inLanguage\":\"en-CA\",\"@id\":\"https:\/\/www.tourismeshawinigan.com\/en\/#\/schema\/logo\/image\/\",\"url\":\"https:\/\/www.tourismeshawinigan.com\/app\/uploads\/2022\/01\/favicon.png\",\"contentUrl\":\"https:\/\/www.tourismeshawinigan.com\/app\/uploads\/2022\/01\/favicon.png\",\"width\":305,\"height\":305,\"caption\":\"Tourisme Shawinigan\"},\"image\":{\"@id\":\"https:\/\/www.tourismeshawinigan.com\/en\/#\/schema\/logo\/image\/\"}}]}<\/script>\n<!-- \/ Yoast SEO plugin. -->","yoast_head_json":{"title":"Privacy Policy - Shawinigan","robots":{"index":"index","follow":"follow","max-snippet":"max-snippet:-1","max-image-preview":"max-image-preview:large","max-video-preview":"max-video-preview:-1"},"canonical":"https:\/\/www.tourismeshawinigan.com\/en\/privacy-policy\/","og_locale":"en_US","og_type":"article","og_title":"Privacy Policy - Shawinigan","og_url":"https:\/\/www.tourismeshawinigan.com\/en\/privacy-policy\/","og_site_name":"Shawinigan","article_modified_time":"2022-06-11T14:08:21+00:00","twitter_card":"summary_large_image","schema":{"@context":"https:\/\/schema.org","@graph":[{"@type":"WebPage","@id":"https:\/\/www.tourismeshawinigan.com\/en\/privacy-policy\/","url":"https:\/\/www.tourismeshawinigan.com\/en\/privacy-policy\/","name":"Privacy Policy - Shawinigan","isPartOf":{"@id":"https:\/\/www.tourismeshawinigan.com\/en\/#website"},"datePublished":"2022-05-19T21:18:01+00:00","dateModified":"2022-06-11T14:08:21+00:00","breadcrumb":{"@id":"https:\/\/www.tourismeshawinigan.com\/en\/privacy-policy\/#breadcrumb"},"inLanguage":"en-CA","potentialAction":[{"@type":"ReadAction","target":["https:\/\/www.tourismeshawinigan.com\/en\/privacy-policy\/"]}]},{"@type":"BreadcrumbList","@id":"https:\/\/www.tourismeshawinigan.com\/en\/privacy-policy\/#breadcrumb","itemListElement":[{"@type":"ListItem","position":1,"name":"Accueil","item":"https:\/\/www.tourismeshawinigan.com\/en\/accueil\/"},{"@type":"ListItem","position":2,"name":"Privacy Policy"}]},{"@type":"WebSite","@id":"https:\/\/www.tourismeshawinigan.com\/en\/#website","url":"https:\/\/www.tourismeshawinigan.com\/en\/","name":"Shawinigan","description":"Office de tourisme, foires et congr\u00e8s de Shawinigan","publisher":{"@id":"https:\/\/www.tourismeshawinigan.com\/en\/#organization"},"potentialAction":[{"@type":"SearchAction","target":{"@type":"EntryPoint","urlTemplate":"https:\/\/www.tourismeshawinigan.com\/en\/?s={search_term_string}"},"query-input":{"@type":"PropertyValueSpecification","valueRequired":true,"valueName":"search_term_string"}}],"inLanguage":"en-CA"},{"@type":"Organization","@id":"https:\/\/www.tourismeshawinigan.com\/en\/#organization","name":"Tourisme Shawinigan","url":"https:\/\/www.tourismeshawinigan.com\/en\/","logo":{"@type":"ImageObject","inLanguage":"en-CA","@id":"https:\/\/www.tourismeshawinigan.com\/en\/#\/schema\/logo\/image\/","url":"https:\/\/www.tourismeshawinigan.com\/app\/uploads\/2022\/01\/favicon.png","contentUrl":"https:\/\/www.tourismeshawinigan.com\/app\/uploads\/2022\/01\/favicon.png","width":305,"height":305,"caption":"Tourisme Shawinigan"},"image":{"@id":"https:\/\/www.tourismeshawinigan.com\/en\/#\/schema\/logo\/image\/"}}]}},"_links":{"self":[{"href":"https:\/\/www.tourismeshawinigan.com\/en\/wp-json\/wp\/v2\/pages\/8595","targetHints":{"allow":["GET"]}}],"collection":[{"href":"https:\/\/www.tourismeshawinigan.com\/en\/wp-json\/wp\/v2\/pages"}],"about":[{"href":"https:\/\/www.tourismeshawinigan.com\/en\/wp-json\/wp\/v2\/types\/page"}],"author":[{"embeddable":true,"href":"https:\/\/www.tourismeshawinigan.com\/en\/wp-json\/wp\/v2\/users\/2"}],"replies":[{"embeddable":true,"href":"https:\/\/www.tourismeshawinigan.com\/en\/wp-json\/wp\/v2\/comments?post=8595"}],"version-history":[{"count":7,"href":"https:\/\/www.tourismeshawinigan.com\/en\/wp-json\/wp\/v2\/pages\/8595\/revisions"}],"predecessor-version":[{"id":11188,"href":"https:\/\/www.tourismeshawinigan.com\/en\/wp-json\/wp\/v2\/pages\/8595\/revisions\/11188"}],"wp:attachment":[{"href":"https:\/\/www.tourismeshawinigan.com\/en\/wp-json\/wp\/v2\/media?parent=8595"}],"curies":[{"name":"wp","href":"https:\/\/api.w.org\/{rel}","templated":true}]}}